{"id":18844,"date":"2026-03-25T12:24:59","date_gmt":"2026-03-25T12:24:59","guid":{"rendered":"https:\/\/www.solarnrg.es\/?page_id=18844"},"modified":"2026-04-01T10:43:00","modified_gmt":"2026-04-01T09:43:00","slug":"sistema-de-respaldo","status":"publish","type":"page","link":"https:\/\/www.solarnrg.es\/es\/back-up-system\/","title":{"rendered":"Back-Up System"},"content":{"rendered":"<div class=\"wpb-content-wrapper\"><div data-parent=\"true\" class=\"vc_row row-container\" id=\"row-unique-0\"><div class=\"row unequal col-no-gutter no-top-padding no-bottom-padding no-h-padding full-width row-parent\"><div class=\"wpb_row row-inner\"><div class=\"wpb_column pos-top pos-center align_left column_parent col-lg-6 no-internal-gutter\"><div class=\"uncol style-light animate_when_almost_visible zoom-in\"  ><div class=\"uncoltable\"><div class=\"uncell no-block-padding\" ><div class=\"uncont\" ><div class=\"vc_row style-color-xsdn-bg row-internal row-container\"><div class=\"row row-child\" data-height=\"40\"><div class=\"wpb_row row-inner\"><div class=\"wpb_column pos-top pos-center align_left column_child col-lg-12 half-internal-gutter\"><div class=\"uncol style-light\" ><div class=\"uncoltable\"><div class=\"uncell double-block-padding\" ><div class=\"uncont\" ><div class=\"icon-box icon-box-left icon-box-space-reduced\" ><div class=\"icon-box-icon fa-container\" ><span class=\"text-color-201036-color btn-disable-hover\"><i class=\"fa fa-lightbulb2 fa-3x fa-fw\"><\/i><\/span><\/div><div class=\"icon-box-content\"><div class=\"icon-box-heading\"><h1 class=\"h2\">Sistema de Respaldo<\/h1><\/div><\/div><\/div><div class=\"uncode_text_column text-justify\" ><\/p>\n<p data-path-to-node=\"7\">En una era en la que nuestros hogares y empresas dependen de la tecnolog\u00eda m\u00e1s que nunca, un corte de luz repentino es m\u00e1s que una peque\u00f1a molestia: puede interrumpir su seguridad, su trabajo y su comodidad. Aunque la red el\u00e9ctrica espa\u00f1ola es generalmente fiable, las tormentas estacionales, el mantenimiento o las sobrecargas de la infraestructura local pueden provocar apagones inesperados. En <mark>SolarNRG<\/mark>, ofrecemos soluciones avanzadas de <b data-path-to-node=\"7\" data-index-in-node=\"441\">Back-up Box<\/b> que act\u00faan como una red de seguridad invisible, garantizando que sus luces permanezcan encendidas cuando la red falle.<\/p>\n<p data-path-to-node=\"8\">No todas las propiedades requieren el mismo nivel de respaldo. En <mark>SolarNRG<\/mark>, dise\u00f1amos sistemas que van desde la protecci\u00f3n de &#8220;cargas esenciales&#8221; hasta un respaldo completo para &#8220;toda la vivienda&#8221;. Tanto si desea asegurar que su cocina y su oficina en casa sigan funcionando, como si necesita una soluci\u00f3n industrial de alta potencia para mantener operativa una actividad comercial durante un apag\u00f3n, contamos con la experiencia t\u00e9cnica para escalar el sistema seg\u00fan sus necesidades.<\/p>\n<p>\n<\/div><\/div><\/div><\/div><\/div><\/div><\/div><\/div><\/div><div class=\"vc_row style-color-gyho-bg row-internal row-container\"><div class=\"row unequal col-no-gutter row-child\"><div class=\"wpb_row row-inner\"><div class=\"wpb_column pos-top pos-center align_left column_child col-lg-6 col-md-50 single-internal-gutter\"><div class=\"uncol style-light\" ><div class=\"uncoltable\"><div class=\"uncell no-block-padding\" ><div class=\"uncont\" ><div class=\"un-media-gallery owl-carousel-wrapper\">\n\t\t\n\t\n\t<div class=\"owl-carousel-container owl-carousel-loading single-gutter\" >\n\t\t\t\t\t\t\t\t\t<div id=\"gallery-232876\" class=\"owl-carousel owl-element owl-height-auto\" data-loop=\"true\" data-navmobile=\"false\" data-navspeed=\"400\" data-autoplay=\"true\" data-timeout=\"3000\" data-stagepadding=\"0\" data-lg=\"1\" data-md=\"1\" data-sm=\"1\">\n<div class=\"tmb tmb-carousel tmb-iso-h4 tmb-light tmb-overlay-text-anim tmb-overlay-anim tmb-overlay-middle tmb-overlay-text-left tmb-image-anim tmb-id-19162  tmb-img-ratio tmb-media-first tmb-media-last tmb-content-overlay tmb-no-bg tmb-lightbox\" ><div class=\"t-inside no-anim\" ><div class=\"t-entry-visual\"><div class=\"t-entry-visual-tc\"><div class=\"t-entry-visual-cont\"><div class=\"dummy\" style=\"padding-top: 80%;\"><\/div><a href=\"https:\/\/www.solarnrg.es\/wp-content\/uploads\/2026\/04\/batt-1.jpg\"  class=\"pushed\" data-active=\"1\" data-lbox=\"ilightbox_gallery-232876\" data-external-thumb-image=\"https:\/\/www.solarnrg.es\/wp-content\/uploads\/2026\/04\/batt-1-150x150.jpg\" data-lg-size=\"675-900\" data-lb-index=\"0\"><div class=\"t-entry-visual-overlay\"><div class=\"t-entry-visual-overlay-in style-dark-bg\" style=\"opacity: 0.5;\"><\/div><\/div><img decoding=\"async\" class=\"wp-image-19162\" src=\"https:\/\/www.solarnrg.es\/wp-content\/uploads\/2026\/04\/batt-1-uai-675x540.jpg\" width=\"675\" height=\"540\" alt=\"\" \/><\/a><\/div>\n\t\t\t\t\t<\/div>\n\t\t\t\t<\/div><\/div><\/div><div class=\"tmb tmb-carousel tmb-iso-h4 tmb-light tmb-overlay-text-anim tmb-overlay-anim tmb-overlay-middle tmb-overlay-text-left tmb-image-anim tmb-id-19163  tmb-img-ratio tmb-media-first tmb-media-last tmb-content-overlay tmb-no-bg tmb-lightbox\" ><div class=\"t-inside no-anim\" ><div class=\"t-entry-visual\"><div class=\"t-entry-visual-tc\"><div class=\"t-entry-visual-cont\"><div class=\"dummy\" style=\"padding-top: 80%;\"><\/div><a href=\"https:\/\/www.solarnrg.es\/wp-content\/uploads\/2026\/04\/batt-2.jpg\"  class=\"pushed\" data-active=\"1\" data-lbox=\"ilightbox_gallery-232876\" data-external-thumb-image=\"https:\/\/www.solarnrg.es\/wp-content\/uploads\/2026\/04\/batt-2-150x150.jpg\" data-lg-size=\"675-900\" data-lb-index=\"1\"><div class=\"t-entry-visual-overlay\"><div class=\"t-entry-visual-overlay-in style-dark-bg\" style=\"opacity: 0.5;\"><\/div><\/div><img decoding=\"async\" class=\"wp-image-19163\" src=\"https:\/\/www.solarnrg.es\/wp-content\/uploads\/2026\/04\/batt-2-uai-675x540.jpg\" width=\"675\" height=\"540\" alt=\"\" \/><\/a><\/div>\n\t\t\t\t\t<\/div>\n\t\t\t\t<\/div><\/div><\/div><div class=\"tmb tmb-carousel tmb-iso-h4 tmb-light tmb-overlay-text-anim tmb-overlay-anim tmb-overlay-middle tmb-overlay-text-left tmb-image-anim tmb-id-19164  tmb-img-ratio tmb-media-first tmb-media-last tmb-content-overlay tmb-no-bg tmb-lightbox\" ><div class=\"t-inside no-anim\" ><div class=\"t-entry-visual\"><div class=\"t-entry-visual-tc\"><div class=\"t-entry-visual-cont\"><div class=\"dummy\" style=\"padding-top: 80%;\"><\/div><a href=\"https:\/\/www.solarnrg.es\/wp-content\/uploads\/2026\/04\/batt-3.jpg\"  class=\"pushed\" data-active=\"1\" data-lbox=\"ilightbox_gallery-232876\" data-external-thumb-image=\"https:\/\/www.solarnrg.es\/wp-content\/uploads\/2026\/04\/batt-3-150x150.jpg\" data-lg-size=\"1200-900\" data-lb-index=\"2\"><div class=\"t-entry-visual-overlay\"><div class=\"t-entry-visual-overlay-in style-dark-bg\" style=\"opacity: 0.5;\"><\/div><\/div><img decoding=\"async\" class=\"wp-image-19164\" src=\"https:\/\/www.solarnrg.es\/wp-content\/uploads\/2026\/04\/batt-3-uai-1125x900.jpg\" width=\"1125\" height=\"900\" alt=\"\" \/><\/a><\/div>\n\t\t\t\t\t<\/div>\n\t\t\t\t<\/div><\/div><\/div>\t\t\t<\/div>\n\t\t\t\t\t<\/div>\n\n\t\n\t\n\t\n<\/div>\n\n<\/div><\/div><\/div><\/div><\/div><div class=\"wpb_column pos-middle pos-center align_center column_child col-lg-6 col-md-50 single-internal-gutter\"><div class=\"uncol style-spec style-dark\" ><div class=\"uncoltable\" style=\"min-height: 300px;\"><div class=\"uncell single-block-padding style-color-146695-bg\" ><div class=\"uncont\" ><div class=\"vc_custom_heading_wrap\"><div class=\"heading-text el-text\" ><h3 class=\"h2\" ><span>Disfruta de energ\u00eda ininterrumpida y mantente conectado, listo para el futuro. Comienza aqu\u00ed<\/span><\/h3><\/div><div class=\"clear\"><\/div><\/div><\/div><\/div><\/div><\/div><a class=\"col-link custom-link\" href=\"https:\/\/www.solarnrg.es\/es\/presupuesto\/\" target=\"_self\" title=\"Quotation\"><\/a><\/div><\/div><\/div><\/div><\/div><\/div><\/div><\/div><\/div><div class=\"wpb_column pos-top pos-center align_left column_parent col-lg-6 tablet-hidden mobile-hidden single-internal-gutter\"><div class=\"uncol style-light animate_when_almost_visible zoom-in\"  ><div class=\"uncoltable\" style=\"min-height: 300px;\"><div class=\"uncell single-block-padding\" ><div class=\"column-background background-element\">\n\t\t\t\t\t\t\t\t\t\t\t<div class=\"background-wrapper\">\n\t\t\t\t\t\t\t\t\t\t\t\t<div class=\"background-inner\" style=\"background-image: url(https:\/\/www.solarnrg.es\/wp-content\/uploads\/2026\/03\/Back-up-Box-Growatt-002.jpg);background-repeat: no-repeat;background-position: center center;background-size: cover;\" data-o_src=\"https:\/\/www.solarnrg.es\/wp-content\/uploads\/2026\/03\/Back-up-Box-Growatt-002.jpg\"><\/div>\n\t\t\t\t\t\t\t\t\t\t\t\t\n\t\t\t\t\t\t\t\t\t\t\t<\/div>\n\t\t\t\t\t\t\t\t\t\t<\/div><div class=\"uncont\" ><\/div><\/div><\/div><\/div><\/div><script id=\"script-row-unique-0\" data-row=\"script-row-unique-0\" type=\"text\/javascript\" class=\"vc_controls\">UNCODE.initRow(document.getElementById(\"row-unique-0\"));<\/script><\/div><\/div><\/div><div data-parent=\"true\" class=\"vc_row has-bg need-focus style-color-210407-bg row-container\" id=\"row-unique-1\"><div class=\"row full-width row-parent\"><div class=\"wpb_row row-inner\"><div class=\"wpb_column pos-top pos-center align_left column_parent col-lg-12 single-internal-gutter\"><div class=\"uncol style-light\"  ><div class=\"uncoltable\"><div class=\"uncell\" ><div class=\"uncont no-block-padding col-custom-width\" style=\" max-width:80%;\" ><div class=\"empty-space empty-half\" ><span class=\"empty-space-inner\"><\/span><\/div>\n<div class=\"vc_custom_heading_wrap\"><div class=\"heading-text el-text\" ><h2 class=\"h3\" ><span>Rellena el formulario para obtener m\u00e1s informaci\u00f3n sobre nuestros Sistema de Respaldo<\/span><\/h2><\/div><div class=\"clear\"><\/div><\/div>\n<div class=\"wpcf7 no-js\" id=\"wpcf7-f16-o1\" lang=\"en-US\" dir=\"ltr\" data-wpcf7-id=\"16\">\n<div class=\"screen-reader-response\"><p role=\"status\" aria-live=\"polite\" aria-atomic=\"true\"><\/p> <ul><\/ul><\/div>\n<form action=\"\/es\/wp-json\/wp\/v2\/pages\/18844#wpcf7-f16-o1\" method=\"post\" class=\"wpcf7-form init\" aria-label=\"Contact form\" novalidate=\"novalidate\" data-status=\"init\" data-trp-original-action=\"\/es\/wp-json\/wp\/v2\/pages\/18844#wpcf7-f16-o1\">\n<fieldset class=\"hidden-fields-container\"><input type=\"hidden\" name=\"_wpcf7\" value=\"16\" \/><input type=\"hidden\" name=\"_wpcf7_version\" value=\"6.1.5\" \/><input type=\"hidden\" name=\"_wpcf7_locale\" value=\"en_US\" \/><input type=\"hidden\" name=\"_wpcf7_unit_tag\" value=\"wpcf7-f16-o1\" \/><input type=\"hidden\" name=\"_wpcf7_container_post\" value=\"0\" \/><input type=\"hidden\" name=\"_wpcf7_posted_data_hash\" value=\"\" \/><input type=\"hidden\" name=\"_wpcf7_recaptcha_response\" value=\"\" \/>\n<\/fieldset>\n<p><span class=\"wpcf7-form-control-wrap\" data-name=\"your-fullname\"><input size=\"40\" maxlength=\"400\" class=\"wpcf7-form-control wpcf7-text wpcf7-validates-as-required form-fluid\" aria-required=\"true\" aria-invalid=\"false\" placeholder=\"Nombre y Apellidos*\" value=\"\" type=\"text\" name=\"your-fullname\" \/><\/span>\n<\/p>\n<div class=\"wpcf7-inline-wrapper\">\n\t<p class=\"wpcf7-inline-field\"><span class=\"wpcf7-form-control-wrap\" data-name=\"your-email\"><input size=\"40\" maxlength=\"400\" class=\"wpcf7-form-control wpcf7-email wpcf7-validates-as-required wpcf7-text wpcf7-validates-as-email\" aria-required=\"true\" aria-invalid=\"false\" placeholder=\"Email*\" value=\"\" type=\"email\" name=\"your-email\" \/><\/span>\n\t<\/p>\n\t<p class=\"wpcf7-inline-field\"><span class=\"wpcf7-form-control-wrap\" data-name=\"your-telephone\"><input size=\"40\" maxlength=\"400\" class=\"wpcf7-form-control wpcf7-text wpcf7-validates-as-required form-fluid\" aria-required=\"true\" aria-invalid=\"false\" placeholder=\"Tel\u00e9fono*\" value=\"\" type=\"text\" name=\"your-telephone\" \/><\/span>\n\t<\/p>\n<\/div>\n<p><span class=\"wpcf7-form-control-wrap\" data-name=\"menu-259\"><select class=\"wpcf7-form-control wpcf7-select wpcf7-validates-as-required\" aria-required=\"true\" aria-invalid=\"false\" name=\"menu-259\"><option value=\"\">&#8212;Please choose an option&#8212;<\/option><option value=\"Sales Team\">Equipo de ventas<\/option><option value=\"Licenses, other Services\">Licencias y otros servicios<\/option><option value=\"Accounting\">Contabilidad<\/option><option value=\"Technical Support\">Soporte T\u00e9cnico<\/option><\/select><\/span>\n<\/p>\n<p><span class=\"wpcf7-form-control-wrap\" data-name=\"your-message\"><textarea cols=\"40\" rows=\"4\" maxlength=\"2000\" class=\"wpcf7-form-control wpcf7-textarea wpcf7-validates-as-required\" aria-required=\"true\" aria-invalid=\"false\" placeholder=\"Mensaje*\" name=\"your-message\"><\/textarea><\/span>\n<\/p>\n<p class=\"text-linked\"><span class=\"wpcf7-form-control-wrap\" data-name=\"acceptance-682\"><span class=\"wpcf7-form-control wpcf7-acceptance\"><span class=\"wpcf7-list-item\"><label><input type=\"checkbox\" name=\"acceptance-682\" value=\"1\" aria-invalid=\"false\" \/><span class=\"wpcf7-list-item-label\">He leido y acepto la <a href=\"https:\/\/www.solarnrg.es\/es\/privacy\/\">Pol\u00edtica de Privacidad<\/a><\/span><\/label><\/span><\/span><\/span>\n<\/p>\n<p><span class=\"wpcf7-form-control-wrap\" data-name=\"acceptance-683\"><span class=\"wpcf7-form-control wpcf7-acceptance optional\"><span class=\"wpcf7-list-item\"><label><input type=\"checkbox\" name=\"acceptance-683\" value=\"1\" aria-invalid=\"false\" \/><span class=\"wpcf7-list-item-label\">Me gustar\u00eda recibir vuestra informaci\u00f3n acerca de ofertas y otras actualizaciones<\/span><\/label><\/span><\/span><\/span>\n<\/p>\n<p><input class=\"wpcf7-form-control wpcf7-submit has-spinner btn-lg btn-accent btn-block btn-no-scale\" type=\"submit\" value=\"Env\u00edanos tu consulta\" \/>\n<\/p><div class=\"wpcf7-response-output\" aria-hidden=\"true\"><\/div>\n<input type=\"hidden\" name=\"trp-form-language\" value=\"es\"\/><\/form>\n<\/div>\n<div class=\"empty-space empty-half\" ><span class=\"empty-space-inner\"><\/span><\/div>\n<\/div><\/div><\/div><\/div><\/div><script id=\"script-row-unique-1\" data-row=\"script-row-unique-1\" type=\"text\/javascript\" class=\"vc_controls\">UNCODE.initRow(document.getElementById(\"row-unique-1\"));<\/script><\/div><\/div><\/div>\n<\/div>","protected":false},"excerpt":{"rendered":"<p>A photovoltaic system is an investment that pays for itself over time, while in the meantime you use the energy it produces<\/p>","protected":false},"author":4,"featured_media":18845,"parent":0,"menu_order":0,"comment_status":"closed","ping_status":"closed","template":"","meta":{"iawp_total_views":2,"footnotes":""},"class_list":["post-18844","page","type-page","status-publish","has-post-thumbnail","hentry"],"aioseo_notices":[],"_links":{"self":[{"href":"https:\/\/www.solarnrg.es\/es\/wp-json\/wp\/v2\/pages\/18844","targetHints":{"allow":["GET"]}}],"collection":[{"href":"https:\/\/www.solarnrg.es\/es\/wp-json\/wp\/v2\/pages"}],"about":[{"href":"https:\/\/www.solarnrg.es\/es\/wp-json\/wp\/v2\/types\/page"}],"author":[{"embeddable":true,"href":"https:\/\/www.solarnrg.es\/es\/wp-json\/wp\/v2\/users\/4"}],"replies":[{"embeddable":true,"href":"https:\/\/www.solarnrg.es\/es\/wp-json\/wp\/v2\/comments?post=18844"}],"version-history":[{"count":31,"href":"https:\/\/www.solarnrg.es\/es\/wp-json\/wp\/v2\/pages\/18844\/revisions"}],"predecessor-version":[{"id":19165,"href":"https:\/\/www.solarnrg.es\/es\/wp-json\/wp\/v2\/pages\/18844\/revisions\/19165"}],"wp:featuredmedia":[{"embeddable":true,"href":"https:\/\/www.solarnrg.es\/es\/wp-json\/wp\/v2\/media\/18845"}],"wp:attachment":[{"href":"https:\/\/www.solarnrg.es\/es\/wp-json\/wp\/v2\/media?parent=18844"}],"curies":[{"name":"wp","href":"https:\/\/api.w.org\/{rel}","templated":true}]}}