{"id":18570,"date":"2026-03-24T09:33:45","date_gmt":"2026-03-24T09:33:45","guid":{"rendered":"https:\/\/www.solarnrg.es\/?page_id=18570"},"modified":"2026-04-01T10:27:49","modified_gmt":"2026-04-01T09:27:49","slug":"we-offer","status":"publish","type":"page","link":"https:\/\/www.solarnrg.es\/es\/we-offer\/","title":{"rendered":"We Offer"},"content":{"rendered":"<div class=\"wpb-content-wrapper\"><div data-parent=\"true\" class=\"vc_row row-container\" id=\"row-unique-0\"><div class=\"row unequal col-no-gutter no-top-padding no-bottom-padding no-h-padding full-width row-parent\" data-height-ratio=\"50\"><div class=\"wpb_row row-inner\"><div class=\"wpb_column pos-top pos-center align_left column_parent col-lg-6 no-internal-gutter\"><div class=\"uncol style-light\"  ><div class=\"uncoltable\" style=\"min-height: 300px;\"><div class=\"uncell no-block-padding\" ><div class=\"uncont\" ><div class=\"un-media-gallery owl-carousel-wrapper\">\n\t\t\n\t\n\t<div class=\"owl-carousel-container owl-carousel-loading no-gutter\" >\n\t\t\t\t\t\t\t\t\t<div id=\"gallery-112479\" class=\"owl-carousel owl-element owl-height-auto\" data-navmobile=\"false\" data-navspeed=\"400\" data-autoplay=\"true\" data-timeout=\"3000\" data-stagepadding=\"0\" data-lg=\"1\" data-md=\"1\" data-sm=\"1\">\n<div class=\"tmb tmb-carousel tmb-iso-h4 tmb-light tmb-overlay-text-anim tmb-overlay-anim tmb-overlay-middle tmb-overlay-text-left tmb-image-anim tmb-bordered tmb-id-14217  tmb-img-ratio tmb-media-first tmb-media-last tmb-content-overlay tmb-no-bg tmb-lightbox\" ><div class=\"t-inside no-anim\" ><div class=\"t-entry-visual\"><div class=\"t-entry-visual-tc\"><div class=\"t-entry-visual-cont\"><div class=\"dummy\" style=\"padding-top: 75%;\"><\/div><a href=\"https:\/\/www.solarnrg.es\/wp-content\/uploads\/2023\/11\/FIN1.jpg\"  class=\"pushed\" data-active=\"1\" data-lbox=\"ilightbox_gallery-112479\" data-external-thumb-image=\"https:\/\/www.solarnrg.es\/wp-content\/uploads\/2023\/11\/FIN1-150x150.jpg\" data-lg-size=\"1900-1425\" data-lb-index=\"0\"><div class=\"t-entry-visual-overlay\"><div class=\"t-entry-visual-overlay-in style-dark-bg\" style=\"opacity: 0.5;\"><\/div><\/div><img decoding=\"async\" class=\"wp-image-14217\" src=\"https:\/\/www.solarnrg.es\/wp-content\/uploads\/2023\/11\/FIN1.jpg\" width=\"1900\" height=\"1425\" alt=\"26X 465 wp Paneles Solares, Finestrat, Alicante (Sistema h\u00edbrido)\" srcset=\"https:\/\/www.solarnrg.es\/wp-content\/uploads\/2023\/11\/FIN1.jpg 1900w, https:\/\/www.solarnrg.es\/wp-content\/uploads\/2023\/11\/FIN1-300x225.jpg 300w, https:\/\/www.solarnrg.es\/wp-content\/uploads\/2023\/11\/FIN1-1024x768.jpg 1024w, https:\/\/www.solarnrg.es\/wp-content\/uploads\/2023\/11\/FIN1-768x576.jpg 768w, https:\/\/www.solarnrg.es\/wp-content\/uploads\/2023\/11\/FIN1-1536x1152.jpg 1536w, https:\/\/www.solarnrg.es\/wp-content\/uploads\/2023\/11\/FIN1-16x12.jpg 16w, https:\/\/www.solarnrg.es\/wp-content\/uploads\/2023\/11\/FIN1-350x263.jpg 350w\" sizes=\"(max-width: 1900px) 100vw, 1900px\" \/><\/a><\/div>\n\t\t\t\t\t<\/div>\n\t\t\t\t<\/div><\/div><\/div><div class=\"tmb tmb-carousel tmb-iso-h4 tmb-light tmb-overlay-text-anim tmb-overlay-anim tmb-overlay-middle tmb-overlay-text-left tmb-image-anim tmb-bordered tmb-id-15570  tmb-img-ratio tmb-media-first tmb-media-last tmb-content-overlay tmb-no-bg tmb-lightbox\" ><div class=\"t-inside no-anim\" ><div class=\"t-entry-visual\"><div class=\"t-entry-visual-tc\"><div class=\"t-entry-visual-cont\"><div class=\"dummy\" style=\"padding-top: 75%;\"><\/div><a href=\"https:\/\/www.solarnrg.es\/wp-content\/uploads\/2024\/11\/Imagen-de-WhatsApp-2024-11-06-a-las-15.53.55_1edaf4f9-e1730905100928.jpg\"  class=\"pushed\" data-active=\"1\" data-lbox=\"ilightbox_gallery-112479\" data-external-thumb-image=\"https:\/\/www.solarnrg.es\/wp-content\/uploads\/2024\/11\/Imagen-de-WhatsApp-2024-11-06-a-las-15.53.55_1edaf4f9-e1730905100928-150x150.jpg\" data-lg-size=\"928-648\" data-lb-index=\"1\"><div class=\"t-entry-visual-overlay\"><div class=\"t-entry-visual-overlay-in style-dark-bg\" style=\"opacity: 0.5;\"><\/div><\/div><img decoding=\"async\" class=\"wp-image-15570\" src=\"https:\/\/www.solarnrg.es\/wp-content\/uploads\/2024\/11\/Imagen-de-WhatsApp-2024-11-06-a-las-15.53.55_1edaf4f9-e1730905100928-uai-864x648.jpg\" width=\"864\" height=\"648\" alt=\"car y charger\" \/><\/a><\/div>\n\t\t\t\t\t<\/div>\n\t\t\t\t<\/div><\/div><\/div><div class=\"tmb tmb-carousel tmb-iso-h4 tmb-light tmb-overlay-text-anim tmb-overlay-anim tmb-overlay-middle tmb-overlay-text-left tmb-image-anim tmb-bordered tmb-id-18364  tmb-img-ratio tmb-media-first tmb-media-last tmb-content-overlay tmb-no-bg tmb-lightbox\" ><div class=\"t-inside no-anim\" ><div class=\"t-entry-visual\"><div class=\"t-entry-visual-tc\"><div class=\"t-entry-visual-cont\"><div class=\"dummy\" style=\"padding-top: 75%;\"><\/div><a href=\"https:\/\/www.solarnrg.es\/wp-content\/uploads\/2026\/01\/Abbeloos2.jpg\"  class=\"pushed\" data-active=\"1\" data-lbox=\"ilightbox_gallery-112479\" data-external-thumb-image=\"https:\/\/www.solarnrg.es\/wp-content\/uploads\/2026\/01\/Abbeloos2-150x150.jpg\" data-lg-size=\"1920-1440\" data-lb-index=\"2\"><div class=\"t-entry-visual-overlay\"><div class=\"t-entry-visual-overlay-in style-dark-bg\" style=\"opacity: 0.5;\"><\/div><\/div><img decoding=\"async\" class=\"wp-image-18364\" src=\"https:\/\/www.solarnrg.es\/wp-content\/uploads\/2026\/01\/Abbeloos2.jpg\" width=\"1920\" height=\"1440\" alt=\"\" srcset=\"https:\/\/www.solarnrg.es\/wp-content\/uploads\/2026\/01\/Abbeloos2.jpg 1920w, https:\/\/www.solarnrg.es\/wp-content\/uploads\/2026\/01\/Abbeloos2-300x225.jpg 300w, https:\/\/www.solarnrg.es\/wp-content\/uploads\/2026\/01\/Abbeloos2-1024x768.jpg 1024w, https:\/\/www.solarnrg.es\/wp-content\/uploads\/2026\/01\/Abbeloos2-768x576.jpg 768w, https:\/\/www.solarnrg.es\/wp-content\/uploads\/2026\/01\/Abbeloos2-1536x1152.jpg 1536w, https:\/\/www.solarnrg.es\/wp-content\/uploads\/2026\/01\/Abbeloos2-16x12.jpg 16w, https:\/\/www.solarnrg.es\/wp-content\/uploads\/2026\/01\/Abbeloos2-350x263.jpg 350w\" sizes=\"(max-width: 1920px) 100vw, 1920px\" \/><\/a><\/div>\n\t\t\t\t\t<\/div>\n\t\t\t\t<\/div><\/div><\/div><div class=\"tmb tmb-carousel tmb-iso-h4 tmb-light tmb-overlay-text-anim tmb-overlay-anim tmb-overlay-middle tmb-overlay-text-left tmb-image-anim tmb-bordered tmb-id-13377  tmb-img-ratio tmb-media-first tmb-media-last tmb-content-overlay tmb-no-bg tmb-lightbox\" ><div class=\"t-inside no-anim\" ><div class=\"t-entry-visual\"><div class=\"t-entry-visual-tc\"><div class=\"t-entry-visual-cont\"><div class=\"dummy\" style=\"padding-top: 75%;\"><\/div><a href=\"https:\/\/www.solarnrg.es\/wp-content\/uploads\/2023\/06\/test4.jpg\"  class=\"pushed\" data-active=\"1\" data-lbox=\"ilightbox_gallery-112479\" data-external-thumb-image=\"https:\/\/www.solarnrg.es\/wp-content\/uploads\/2023\/06\/test4-150x150.jpg\" data-lg-size=\"1200-900\" data-lb-index=\"3\"><div class=\"t-entry-visual-overlay\"><div class=\"t-entry-visual-overlay-in style-dark-bg\" style=\"opacity: 0.5;\"><\/div><\/div><img decoding=\"async\" class=\"wp-image-13377\" src=\"https:\/\/www.solarnrg.es\/wp-content\/uploads\/2023\/06\/test4.jpg\" width=\"1200\" height=\"900\" alt=\"\" srcset=\"https:\/\/www.solarnrg.es\/wp-content\/uploads\/2023\/06\/test4.jpg 1200w, https:\/\/www.solarnrg.es\/wp-content\/uploads\/2023\/06\/test4-300x225.jpg 300w, https:\/\/www.solarnrg.es\/wp-content\/uploads\/2023\/06\/test4-1024x768.jpg 1024w, https:\/\/www.solarnrg.es\/wp-content\/uploads\/2023\/06\/test4-768x576.jpg 768w, https:\/\/www.solarnrg.es\/wp-content\/uploads\/2023\/06\/test4-16x12.jpg 16w, https:\/\/www.solarnrg.es\/wp-content\/uploads\/2023\/06\/test4-350x263.jpg 350w\" sizes=\"(max-width: 1200px) 100vw, 1200px\" \/><\/a><\/div>\n\t\t\t\t\t<\/div>\n\t\t\t\t<\/div><\/div><\/div><div class=\"tmb tmb-carousel tmb-iso-h4 tmb-light tmb-overlay-text-anim tmb-overlay-anim tmb-overlay-middle tmb-overlay-text-left tmb-image-anim tmb-bordered tmb-id-15934  tmb-img-ratio tmb-media-first tmb-media-last tmb-content-overlay tmb-no-bg tmb-lightbox\" ><div class=\"t-inside no-anim\" ><div class=\"t-entry-visual\"><div class=\"t-entry-visual-tc\"><div class=\"t-entry-visual-cont\"><div class=\"dummy\" style=\"padding-top: 75%;\"><\/div><a href=\"https:\/\/www.solarnrg.es\/wp-content\/uploads\/2025\/01\/cQ52firjCycG4VUBfyTs8H09mREu0ebrW3y6RWAq.jpg\"  class=\"pushed\" data-active=\"1\" data-lbox=\"ilightbox_gallery-112479\" data-external-thumb-image=\"https:\/\/www.solarnrg.es\/wp-content\/uploads\/2025\/01\/cQ52firjCycG4VUBfyTs8H09mREu0ebrW3y6RWAq-150x150.jpg\" data-lg-size=\"1920-1440\" data-lb-index=\"4\"><div class=\"t-entry-visual-overlay\"><div class=\"t-entry-visual-overlay-in style-dark-bg\" style=\"opacity: 0.5;\"><\/div><\/div><img decoding=\"async\" class=\"wp-image-15934\" src=\"https:\/\/www.solarnrg.es\/wp-content\/uploads\/2025\/01\/cQ52firjCycG4VUBfyTs8H09mREu0ebrW3y6RWAq.jpg\" width=\"1920\" height=\"1440\" alt=\"\" srcset=\"https:\/\/www.solarnrg.es\/wp-content\/uploads\/2025\/01\/cQ52firjCycG4VUBfyTs8H09mREu0ebrW3y6RWAq.jpg 1920w, https:\/\/www.solarnrg.es\/wp-content\/uploads\/2025\/01\/cQ52firjCycG4VUBfyTs8H09mREu0ebrW3y6RWAq-300x225.jpg 300w, https:\/\/www.solarnrg.es\/wp-content\/uploads\/2025\/01\/cQ52firjCycG4VUBfyTs8H09mREu0ebrW3y6RWAq-1024x768.jpg 1024w, https:\/\/www.solarnrg.es\/wp-content\/uploads\/2025\/01\/cQ52firjCycG4VUBfyTs8H09mREu0ebrW3y6RWAq-768x576.jpg 768w, https:\/\/www.solarnrg.es\/wp-content\/uploads\/2025\/01\/cQ52firjCycG4VUBfyTs8H09mREu0ebrW3y6RWAq-1536x1152.jpg 1536w, https:\/\/www.solarnrg.es\/wp-content\/uploads\/2025\/01\/cQ52firjCycG4VUBfyTs8H09mREu0ebrW3y6RWAq-16x12.jpg 16w, https:\/\/www.solarnrg.es\/wp-content\/uploads\/2025\/01\/cQ52firjCycG4VUBfyTs8H09mREu0ebrW3y6RWAq-350x263.jpg 350w\" sizes=\"(max-width: 1920px) 100vw, 1920px\" \/><\/a><\/div>\n\t\t\t\t\t<\/div>\n\t\t\t\t<\/div><\/div><\/div>\t\t\t<\/div>\n\t\t\t\t\t<\/div>\n\n\t\n\t\n\t\n<\/div>\n\n<div class=\"vc_row style-color-gyho-bg row-internal row-container\"><div class=\"row unequal col-no-gutter row-child\"><div class=\"wpb_row row-inner\"><div class=\"wpb_column pos-middle pos-center align_center column_child col-lg-6 col-md-50 single-internal-gutter\"><div class=\"uncol style-spec style-dark\" ><div class=\"uncoltable\" style=\"min-height: 300px;\"><div class=\"uncell double-block-padding style-color-146695-bg\" ><div class=\"uncont\" ><div class=\"vc_custom_heading_wrap\"><div class=\"heading-text el-text\" ><h1 class=\"h4 text-color-xsdn-color text-uppercase\" ><span>Estamos comprometidos a hacer que la energ\u00eda sostenible sea accesible y eficiente para todos<\/span><\/h1><\/div><div class=\"clear\"><\/div><\/div><\/div><\/div><\/div><\/div><\/div><div class=\"wpb_column pos-middle pos-center align_center column_child col-lg-6 col-md-50 single-internal-gutter\"><div class=\"uncol style-spec style-dark\" ><div class=\"uncoltable\"><div class=\"uncell double-block-padding style-accent-bg\" ><div class=\"uncont\" ><div class=\"empty-space empty-half\" ><span class=\"empty-space-inner\"><\/span><\/div>\n<div class=\"vc_custom_heading_wrap\"><div class=\"heading-text el-text\" ><h3 class=\"h1\" ><span>Solicita un presupuesto o p\u00eddenos una visita<\/span><\/h3><\/div><div class=\"clear\"><\/div><\/div><div class=\"empty-space empty-single\" ><span class=\"empty-space-inner\"><\/span><\/div>\n<\/div><\/div><\/div><\/div><a class=\"col-link custom-link\" href=\"https:\/\/www.solarnrg.es\/es\/presupuesto\/\" target=\"_self\" title=\"Quotation\"><\/a><\/div><\/div><\/div><\/div><\/div><\/div><\/div><\/div><\/div><div class=\"wpb_column pos-top pos-center align_left column_parent col-lg-6 no-internal-gutter\"><div class=\"uncol style-light\"  ><div class=\"uncoltable\"><div class=\"uncell no-block-padding\" ><div class=\"uncont\" ><div class=\"vc_row style-color-xsdn-bg row-internal row-container\"><div class=\"row row-child\"><div class=\"wpb_row row-inner\"><div class=\"wpb_column pos-top pos-center align_left column_child col-lg-12 half-internal-gutter\"><div class=\"uncol style-light\" ><div class=\"uncoltable\"><div class=\"uncell double-block-padding\" ><div class=\"uncont\" ><div class=\"vc_custom_heading_wrap mobile-hidden\"><div class=\"heading-text el-text\" ><h2 class=\"h1\" ><span><span class=\"split-word uncode-rotating-span uncode-rotating-text-start\" data-text=\"Invierte en el futuro|Lo hacemos posible|Invierte en un sistema de paneles solares\" data-fx=\"opacity\" data-wait=\"3000\">&nbsp;<\/span><span class=\"split-word word1\"><span class=\"split-word-flow\"><span class=\"split-word-inner\"><span class=\"split-char char92\">I<\/span><span class=\"split-char char93\">n<\/span><span class=\"split-char char94\">v<\/span><span class=\"split-char char95\">i<\/span><span class=\"split-char char96\">e<\/span><span class=\"split-char char97\">r<\/span><span class=\"split-char char98\">t<\/span><span class=\"split-char char99\">e<\/span><\/span><\/span><\/span><span class=\"split-word word2\"><span class=\"split-word-flow\"><span class=\"split-word-inner split-empty-inner\"><span class=\"split-word-empty\">&nbsp;<\/span><span class=\"split-char char274\">e<\/span><span class=\"split-char char275\">n<\/span><\/span><\/span><\/span><span class=\"split-word word3\"><span class=\"split-word-flow\"><span class=\"split-word-inner split-empty-inner\"><span class=\"split-word-empty\">&nbsp;<\/span><span class=\"split-char char450\">u<\/span><span class=\"split-char char451\">n<\/span><\/span><\/span><\/span><span class=\"split-word word4\"><span class=\"split-word-flow\"><span class=\"split-word-inner split-empty-inner\"><span class=\"split-word-empty\">&nbsp;<\/span><span class=\"split-char char626\">s<\/span><span class=\"split-char char627\">i<\/span><span class=\"split-char char628\">s<\/span><span class=\"split-char char629\">t<\/span><span class=\"split-char char630\">e<\/span><span class=\"split-char char631\">m<\/span><span class=\"split-char char632\">a<\/span><\/span><\/span><\/span><span class=\"split-word word5\"><span class=\"split-word-flow\"><span class=\"split-word-inner split-empty-inner\"><span class=\"split-word-empty\">&nbsp;<\/span><span class=\"split-char char807\">d<\/span><span class=\"split-char char808\">e<\/span><\/span><\/span><\/span><span class=\"split-word word6\"><span class=\"split-word-flow\"><span class=\"split-word-inner split-empty-inner\"><span class=\"split-word-empty\">&nbsp;<\/span><span class=\"split-char char983\">p<\/span><span class=\"split-char char984\">a<\/span><span class=\"split-char char985\">n<\/span><span class=\"split-char char986\">e<\/span><span class=\"split-char char987\">l<\/span><span class=\"split-char char988\">e<\/span><span class=\"split-char char989\">s<\/span><\/span><\/span><\/span><span class=\"split-word word7\"><span class=\"split-word-flow\"><span class=\"split-word-inner split-empty-inner\"><span class=\"split-word-empty\">&nbsp;<\/span><span class=\"split-char char1164\">s<\/span><span class=\"split-char char1165\">o<\/span><span class=\"split-char char1166\">l<\/span><span class=\"split-char char1167\">a<\/span><span class=\"split-char char1168\">r<\/span><span class=\"split-char char1169\">e<\/span><span class=\"split-char char1170\">s<\/span><\/span><\/span><\/span><span class=\"split-word uncode-rotating-span uncode-rotating-text-end\">&nbsp;<\/span><\/span><\/h2><\/div><div class=\"clear\"><\/div><\/div><div class=\"vc_custom_heading_wrap desktop-hidden\"><div class=\"heading-text el-text\" ><h2 class=\"h1\" ><span><span class=\"split-word uncode-rotating-span uncode-rotating-text-start\" data-text=\"Invierte en el futuro|Lo hacemos posible|Invierte en paneles\" data-fx=\"opacity\" data-wait=\"3000\">&nbsp;<\/span><span class=\"split-word word1\"><span class=\"split-word-flow\"><span class=\"split-word-inner\"><span class=\"split-char char92\">I<\/span><span class=\"split-char char93\">n<\/span><span class=\"split-char char94\">v<\/span><span class=\"split-char char95\">i<\/span><span class=\"split-char char96\">e<\/span><span class=\"split-char char97\">r<\/span><span class=\"split-char char98\">t<\/span><span class=\"split-char char99\">e<\/span><\/span><\/span><\/span><span class=\"split-word word2\"><span class=\"split-word-flow\"><span class=\"split-word-inner split-empty-inner\"><span class=\"split-word-empty\">&nbsp;<\/span><span class=\"split-char char274\">e<\/span><span class=\"split-char char275\">n<\/span><\/span><\/span><\/span><span class=\"split-word word3\"><span class=\"split-word-flow\"><span class=\"split-word-inner split-empty-inner\"><span class=\"split-word-empty\">&nbsp;<\/span><span class=\"split-char char450\">p<\/span><span class=\"split-char char451\">a<\/span><span class=\"split-char char452\">n<\/span><span class=\"split-char char453\">e<\/span><span class=\"split-char char454\">l<\/span><span class=\"split-char char455\">e<\/span><span class=\"split-char char456\">s<\/span><\/span><\/span><\/span><span class=\"split-word uncode-rotating-span uncode-rotating-text-end\">&nbsp;<\/span><\/span><\/h2><\/div><div class=\"clear\"><\/div><\/div><div class=\"uncode_text_column text-justify\" ><p>En <mark>SolarNRG<\/mark>, nos comprometemos a hacer que la energ\u00eda sostenible sea accesible y eficiente para todos en Espa\u00f1a. Ofrecemos una amplia gama de soluciones de alta calidad que no solo te ayudan a reducir tu factura energ\u00e9tica, sino que tambi\u00e9n contribuyen directamente a un medio ambiente m\u00e1s limpio.<\/p>\n<p>Tanto si quieres generar tu propia energ\u00eda, almacenarla para usarla m\u00e1s adelante o utilizarla para tu veh\u00edculo el\u00e9ctrico, te proporcionamos la tecnolog\u00eda para hacerlo realidad.<\/p>\n<\/div><div class=\"animate_when_almost_visible zoom-in icon-box icon-box-left icon-box-space-reduced\" data-delay=\"200\"><div class=\"icon-box-icon fa-container\" ><a role=\"button\" href=\"https:\/\/www.solarnrg.es\/es\/instalaciones-de-paneles-solares\/\" title=\"Solar Panel Installations\" aria-label=\"Solar Panel Installations\" class=\"text-accent-color custom-link\"><i class=\"fa fa-sun-o fa-3x fa-fw\"><\/i><\/a><\/div><div class=\"icon-box-content\"><div class=\"icon-box-heading\"><h2 class=\"h3\"><a role=\"button\" href=\"https:\/\/www.solarnrg.es\/es\/instalaciones-de-paneles-solares\/\" title=\"Solar Panel Installations\" aria-label=\"Solar Panel Installations\">Instalaciones de Paneles Solares<\/a><\/h2><\/div><p>Aproveche al m\u00e1ximo los beneficios del sol espa\u00f1ol con nuestros paneles solares e inversores de \u00faltima generaci\u00f3n, dise\u00f1ados para ofrecer un alto rendimiento y una larga durabilidad.<\/p>\n<\/div><\/div><div class=\"animate_when_almost_visible zoom-in icon-box icon-box-left icon-box-space-reduced\" data-delay=\"400\"><div class=\"icon-box-icon fa-container\" ><a role=\"button\" href=\"https:\/\/www.solarnrg.es\/es\/soluciones-de-baterias\/\" title=\"Battery Solutions\" aria-label=\"Battery Solutions\" class=\"text-color-146695-color custom-link\"><i class=\"fa fa-battery-3 fa-3x fa-fw\"><\/i><\/a><\/div><div class=\"icon-box-content\"><div class=\"icon-box-heading\"><h2 class=\"h3\"><a role=\"button\" href=\"https:\/\/www.solarnrg.es\/es\/soluciones-de-baterias\/\" title=\"Battery Solutions\" aria-label=\"Battery Solutions\">Soluciones de Bater\u00edas<\/a><\/h2><\/div><p>Prep\u00e1rate para las horas de la noche. Almacena el excedente de energ\u00eda solar y aumenta tu independencia de la red el\u00e9ctrica.<\/p>\n<\/div><\/div><div class=\"animate_when_almost_visible zoom-in icon-box icon-box-left icon-box-space-reduced\" data-delay=\"600\"><div class=\"icon-box-icon fa-container\" ><a role=\"button\" href=\"https:\/\/www.solarnrg.es\/es\/sistema-de-respaldo\/\" title=\"Back-Up System\" aria-label=\"Back-Up System\" class=\"text-color-201036-color custom-link\"><i class=\"fa fa-lightbulb2 fa-3x fa-fw\"><\/i><\/a><\/div><div class=\"icon-box-content\"><div class=\"icon-box-heading\"><h2 class=\"h3\"><a role=\"button\" href=\"https:\/\/www.solarnrg.es\/es\/sistema-de-respaldo\/\" title=\"Back-Up System\" aria-label=\"Back-Up System\">Sistema de Respaldo<\/a><\/h2><\/div><p>Tranquilidad garantizada. Con nuestras soluciones de respaldo, su hogar o negocio seguir\u00e1 funcionando incluso durante un corte de energ\u00eda.<\/p>\n<\/div><\/div><div class=\"animate_when_almost_visible zoom-in icon-box icon-box-left icon-box-space-reduced\" data-delay=\"800\"><div class=\"icon-box-icon fa-container\" ><a role=\"button\" href=\"https:\/\/www.solarnrg.es\/es\/cargadores-ev\/\" title=\"EV-Chargers\" aria-label=\"EV-Chargers\" class=\"text-color-108741-color custom-link\"><i class=\"fa fa-plug2 fa-3x fa-fw\"><\/i><\/a><\/div><div class=\"icon-box-content\"><div class=\"icon-box-heading\"><h2 class=\"h3\"><a role=\"button\" href=\"https:\/\/www.solarnrg.es\/es\/cargadores-ev\/\" title=\"EV-Chargers\" aria-label=\"EV-Chargers\">Cargadores EV<\/a><\/h2><\/div><p>Carga tu veh\u00edculo el\u00e9ctrico de forma segura y r\u00e1pida con nuestras soluciones de carga inteligentes, que se integran a la perfecci\u00f3n con tu propia energ\u00eda solar.<\/p>\n<\/div><\/div><\/div><\/div><\/div><\/div><\/div><\/div><\/div><\/div><\/div><\/div><\/div><\/div><\/div><script id=\"script-row-unique-0\" data-row=\"script-row-unique-0\" type=\"text\/javascript\" class=\"vc_controls\">UNCODE.initRow(document.getElementById(\"row-unique-0\"));<\/script><\/div><\/div><\/div>\n<\/div>","protected":false},"excerpt":{"rendered":"<p>A photovoltaic system is an investment that pays for itself over time, while in the meantime you use the energy it produces<\/p>","protected":false},"author":4,"featured_media":18364,"parent":0,"menu_order":0,"comment_status":"closed","ping_status":"closed","template":"","meta":{"iawp_total_views":12,"footnotes":""},"class_list":["post-18570","page","type-page","status-publish","has-post-thumbnail","hentry"],"aioseo_notices":[],"_links":{"self":[{"href":"https:\/\/www.solarnrg.es\/es\/wp-json\/wp\/v2\/pages\/18570","targetHints":{"allow":["GET"]}}],"collection":[{"href":"https:\/\/www.solarnrg.es\/es\/wp-json\/wp\/v2\/pages"}],"about":[{"href":"https:\/\/www.solarnrg.es\/es\/wp-json\/wp\/v2\/types\/page"}],"author":[{"embeddable":true,"href":"https:\/\/www.solarnrg.es\/es\/wp-json\/wp\/v2\/users\/4"}],"replies":[{"embeddable":true,"href":"https:\/\/www.solarnrg.es\/es\/wp-json\/wp\/v2\/comments?post=18570"}],"version-history":[{"count":138,"href":"https:\/\/www.solarnrg.es\/es\/wp-json\/wp\/v2\/pages\/18570\/revisions"}],"predecessor-version":[{"id":19159,"href":"https:\/\/www.solarnrg.es\/es\/wp-json\/wp\/v2\/pages\/18570\/revisions\/19159"}],"wp:featuredmedia":[{"embeddable":true,"href":"https:\/\/www.solarnrg.es\/es\/wp-json\/wp\/v2\/media\/18364"}],"wp:attachment":[{"href":"https:\/\/www.solarnrg.es\/es\/wp-json\/wp\/v2\/media?parent=18570"}],"curies":[{"name":"wp","href":"https:\/\/api.w.org\/{rel}","templated":true}]}}