{"id":15166,"date":"2024-09-30T19:59:54","date_gmt":"2024-09-30T18:59:54","guid":{"rendered":"https:\/\/www.solarnrg.es\/?page_id=15166"},"modified":"2025-03-18T14:52:48","modified_gmt":"2025-03-18T14:52:48","slug":"proveedor-de-energia","status":"publish","type":"page","link":"https:\/\/www.solarnrg.es\/es\/service-package-energy-supplier\/","title":{"rendered":"Paquete de servicios: Proveedor de energ\u00eda"},"content":{"rendered":"<div class=\"wpb-content-wrapper\"><div data-parent=\"true\" class=\"vc_row row-container\" id=\"row-unique-0\"><div class=\"row limit-width row-parent\"><div class=\"wpb_row row-inner\"><div class=\"wpb_column pos-top pos-center align_left column_parent col-lg-12 single-internal-gutter\"><div class=\"uncol style-light\"  ><div class=\"uncoltable\"><div class=\"uncell no-block-padding\" ><div class=\"uncont\" ><div class=\"vc_custom_heading_wrap\"><div class=\"heading-text el-text\" ><h1 class=\"h2 text-accent-color\" ><span>\u00a1Te ayudamos a conseguir la mejor tarifa!<\/span><\/h1><\/div><div class=\"clear\"><\/div><\/div><div class=\"uncode-single-media  text-left\"><div class=\"single-wrapper\" style=\"max-width: 100%;\"><div class=\"tmb tmb-light  tmb-media-first tmb-media-last tmb-content-overlay tmb-no-bg\"><div class=\"t-inside\"><div class=\"t-entry-visual\"><div class=\"t-entry-visual-tc\"><div class=\"uncode-single-media-wrapper\"><img decoding=\"async\" class=\"wp-image-15301\" src=\"https:\/\/www.solarnrg.es\/wp-content\/uploads\/2024\/10\/SOLARNRG-ALBIR-SELECTION-2024-14-de-107-scaled-e1727866105523.jpg\" width=\"1200\" height=\"306\" alt=\"Office work\" srcset=\"https:\/\/www.solarnrg.es\/wp-content\/uploads\/2024\/10\/SOLARNRG-ALBIR-SELECTION-2024-14-de-107-scaled-e1727866105523.jpg 1200w, https:\/\/www.solarnrg.es\/wp-content\/uploads\/2024\/10\/SOLARNRG-ALBIR-SELECTION-2024-14-de-107-scaled-e1727866105523-300x77.jpg 300w, https:\/\/www.solarnrg.es\/wp-content\/uploads\/2024\/10\/SOLARNRG-ALBIR-SELECTION-2024-14-de-107-scaled-e1727866105523-1024x261.jpg 1024w, https:\/\/www.solarnrg.es\/wp-content\/uploads\/2024\/10\/SOLARNRG-ALBIR-SELECTION-2024-14-de-107-scaled-e1727866105523-768x196.jpg 768w, https:\/\/www.solarnrg.es\/wp-content\/uploads\/2024\/10\/SOLARNRG-ALBIR-SELECTION-2024-14-de-107-scaled-e1727866105523-18x5.jpg 18w, https:\/\/www.solarnrg.es\/wp-content\/uploads\/2024\/10\/SOLARNRG-ALBIR-SELECTION-2024-14-de-107-scaled-e1727866105523-350x89.jpg 350w\" sizes=\"(max-width: 1200px) 100vw, 1200px\" \/><\/div>\n\t\t\t\t\t<\/div>\n\t\t\t\t<\/div><\/div><\/div><\/div><\/div><\/div><\/div><\/div><\/div><\/div><script id=\"script-row-unique-0\" data-row=\"script-row-unique-0\" type=\"text\/javascript\" class=\"vc_controls\">UNCODE.initRow(document.getElementById(\"row-unique-0\"));<\/script><\/div><\/div><\/div><div data-parent=\"true\" class=\"vc_row has-bg need-focus style-color-lxmt-bg row-container\" id=\"row-unique-1\"><div class=\"row unequal single-top-padding single-bottom-padding single-h-padding limit-width row-parent\"><div class=\"wpb_row row-inner\"><div class=\"wpb_column pos-top pos-center align_left column_parent col-lg-12 single-internal-gutter\"><div class=\"uncol style-light\"  ><div class=\"uncoltable\"><div class=\"uncell no-block-padding\" ><div class=\"uncont\" ><div class=\"uncode_text_column\" ><\/p>\n<div class=\"uncode_text_column\">\n<p>Desde 2023 hasta ahora, los precios de la energ\u00eda han vuelto a caer. Sin embargo, hemos notado que nuestros clientes todav\u00eda tienen las tarifas \u201cantiguas\u201d (m\u00e1s altas) y no reciben la mejor compensaci\u00f3n por la energ\u00eda que se devuelve a la red.<\/p>\n<p>Varias empresas energ\u00e9ticas tambi\u00e9n han desarrollado algunos servicios nuevos relacionados con las instalaciones de energ\u00eda solar, incluido, por ejemplo, una \u201cbilletera virtual\u201d donde el cliente puede almacenar (convertir) la energ\u00eda que regresa a la red y no puede compensarse con la energ\u00eda utilizada. de kWh a \u20ac) y poder utilizarlo para reducir facturas posteriores.<\/p>\n<p>Para dar a nuestros clientes las\u00a0<strong>mejores tarifas y descuentos<\/strong>, adem\u00e1s de la\u00a0<strong>instalaci\u00f3n y mantenimiento<\/strong>\u00a0de instalaciones de energ\u00eda solar, hemos desarrollado un nuevo servicio en colaboraci\u00f3n con una persona de contacto de Iberdrola.<\/p>\n<\/div>\n<div class=\"uncode_text_column\">\n<p>Nos gustar\u00eda ofrecer el siguiente paquete de servicios:<\/p>\n<ul>\n<li>Consulta tu factura y te asesoramos<\/li>\n<li>Crear un informe comparativo con las tarifas de Iberdrola (si a\u00fan no eres cliente de Iberdrola)<\/li>\n<li>Conversi\u00f3n del contrato a Iberdrola de otro proveedor de electricidad<\/li>\n<li>Encuentra las mejores tarifas en Iberdrola (si ya eres cliente de Iberdrola)<\/li>\n<li>Contrata \u201cPlanes Online\u201d (debes tener un n\u00famero de tel\u00e9fono espa\u00f1ol y una cuenta bancaria espa\u00f1ola)<\/li>\n<li>Activar la mejor compensaci\u00f3n por la tasa de entrega de devoluci\u00f3n<\/li>\n<li>Activar \u201cbilletera virtual\u201d.<\/li>\n<\/ul>\n<p>Precio para este paquete de servicios es: <strong>75,00\u20ac IVA incluido.<\/strong><\/p>\n<p>&nbsp;<\/p>\n<\/div>\n<p>\n<\/div><\/div><\/div><\/div><\/div><\/div><script id=\"script-row-unique-1\" data-row=\"script-row-unique-1\" type=\"text\/javascript\" class=\"vc_controls\">UNCODE.initRow(document.getElementById(\"row-unique-1\"));<\/script><\/div><\/div><\/div><div data-parent=\"true\" class=\"vc_row row-container\" id=\"row-unique-2\"><div class=\"row limit-width row-parent\"><div class=\"wpb_row row-inner\"><div class=\"wpb_column pos-top pos-center align_left column_parent col-lg-12 single-internal-gutter\"><div class=\"uncol style-light\"  ><div class=\"uncoltable\"><div class=\"uncell no-block-padding\" ><div class=\"uncont\" ><span class=\"btn-container\" ><a role=\"button\"  href=\"https:\/\/www.solarnrg.es\/es\/contacto\/\" class=\"custom-link btn btn-lg border-width-0 btn-color-vyce btn-icon-left\">Obt\u00e9n el mejor consejo aqu\u00ed<\/a><\/span><\/div><\/div><\/div><\/div><\/div><script id=\"script-row-unique-2\" data-row=\"script-row-unique-2\" type=\"text\/javascript\" class=\"vc_controls\">UNCODE.initRow(document.getElementById(\"row-unique-2\"));<\/script><\/div><\/div><\/div>\n<\/div>","protected":false},"excerpt":{"rendered":"\u00a1Te ayudamos a conseguir la mejor tarifa! Desde 2023 hasta ahora, los precios de la energ\u00eda han vuelto a caer. [...]","protected":false},"author":4,"featured_media":0,"parent":0,"menu_order":0,"comment_status":"closed","ping_status":"closed","template":"","meta":{"iawp_total_views":256,"footnotes":""},"class_list":["post-15166","page","type-page","status-publish","hentry"],"aioseo_notices":[],"_links":{"self":[{"href":"https:\/\/www.solarnrg.es\/es\/wp-json\/wp\/v2\/pages\/15166","targetHints":{"allow":["GET"]}}],"collection":[{"href":"https:\/\/www.solarnrg.es\/es\/wp-json\/wp\/v2\/pages"}],"about":[{"href":"https:\/\/www.solarnrg.es\/es\/wp-json\/wp\/v2\/types\/page"}],"author":[{"embeddable":true,"href":"https:\/\/www.solarnrg.es\/es\/wp-json\/wp\/v2\/users\/4"}],"replies":[{"embeddable":true,"href":"https:\/\/www.solarnrg.es\/es\/wp-json\/wp\/v2\/comments?post=15166"}],"version-history":[{"count":7,"href":"https:\/\/www.solarnrg.es\/es\/wp-json\/wp\/v2\/pages\/15166\/revisions"}],"predecessor-version":[{"id":16467,"href":"https:\/\/www.solarnrg.es\/es\/wp-json\/wp\/v2\/pages\/15166\/revisions\/16467"}],"wp:attachment":[{"href":"https:\/\/www.solarnrg.es\/es\/wp-json\/wp\/v2\/media?parent=15166"}],"curies":[{"name":"wp","href":"https:\/\/api.w.org\/{rel}","templated":true}]}}