{"id":14344,"date":"2024-04-08T09:50:31","date_gmt":"2024-04-08T08:50:31","guid":{"rendered":"https:\/\/www.solarnrg.es\/?page_id=14344"},"modified":"2025-07-11T14:05:46","modified_gmt":"2025-07-11T13:05:46","slug":"limpiamos-tus-paneles-solares","status":"publish","type":"page","link":"https:\/\/www.solarnrg.es\/es\/shine-brighter-with-clean-solar-panels\/","title":{"rendered":"Shine Brighter with Clean Solar Panels!"},"content":{"rendered":"<div class=\"wpb-content-wrapper\"><div data-parent=\"true\" class=\"vc_row row-container\" id=\"row-unique-0\"><div class=\"row limit-width row-parent\"><div class=\"wpb_row row-inner\"><div class=\"wpb_column pos-top pos-center align_left column_parent col-lg-12 single-internal-gutter\"><div class=\"uncol style-light\"  ><div class=\"uncoltable\"><div class=\"uncell no-block-padding\" ><div class=\"uncont\" ><div class=\"vc_custom_heading_wrap \"><div class=\"heading-text el-text\" ><h1 class=\"h2 text-accent-color\" ><span>Brillante, limpio y rentable: \u00a1limpiamos tus paneles solares!<\/span><\/h1><\/div><div class=\"clear\"><\/div><\/div><div class=\"uncode-single-media  text-left\"><div class=\"single-wrapper\" style=\"max-width: 100%;\"><div class=\"tmb tmb-light  tmb-media-first tmb-media-last tmb-content-overlay tmb-no-bg\"><div class=\"t-inside\"><div class=\"t-entry-visual\"><div class=\"t-entry-visual-tc\"><div class=\"uncode-single-media-wrapper\"><img decoding=\"async\" class=\"wp-image-15151\" src=\"https:\/\/www.solarnrg.es\/wp-content\/uploads\/2024\/09\/hGzgFBgQTGOM0GsSW7B4vYCLkvKWZvKruZVZKtph-e1726236794405.jpg\" width=\"1440\" height=\"480\" alt=\"limpieza2024-1\" srcset=\"https:\/\/www.solarnrg.es\/wp-content\/uploads\/2024\/09\/hGzgFBgQTGOM0GsSW7B4vYCLkvKWZvKruZVZKtph-e1726236794405.jpg 1440w, https:\/\/www.solarnrg.es\/wp-content\/uploads\/2024\/09\/hGzgFBgQTGOM0GsSW7B4vYCLkvKWZvKruZVZKtph-e1726236794405-300x100.jpg 300w, https:\/\/www.solarnrg.es\/wp-content\/uploads\/2024\/09\/hGzgFBgQTGOM0GsSW7B4vYCLkvKWZvKruZVZKtph-e1726236794405-1024x341.jpg 1024w, https:\/\/www.solarnrg.es\/wp-content\/uploads\/2024\/09\/hGzgFBgQTGOM0GsSW7B4vYCLkvKWZvKruZVZKtph-e1726236794405-768x256.jpg 768w, https:\/\/www.solarnrg.es\/wp-content\/uploads\/2024\/09\/hGzgFBgQTGOM0GsSW7B4vYCLkvKWZvKruZVZKtph-e1726236794405-18x6.jpg 18w, https:\/\/www.solarnrg.es\/wp-content\/uploads\/2024\/09\/hGzgFBgQTGOM0GsSW7B4vYCLkvKWZvKruZVZKtph-e1726236794405-350x117.jpg 350w\" sizes=\"(max-width: 1440px) 100vw, 1440px\" \/><\/div>\n\t\t\t\t\t<\/div>\n\t\t\t\t<\/div><\/div><\/div><\/div><\/div><\/div><\/div><\/div><\/div><\/div><script id=\"script-row-unique-0\" data-row=\"script-row-unique-0\" type=\"text\/javascript\" class=\"vc_controls\">UNCODE.initRow(document.getElementById(\"row-unique-0\"));<\/script><\/div><\/div><\/div><div data-parent=\"true\" class=\"vc_row has-bg need-focus style-color-lxmt-bg row-container\" id=\"row-unique-1\"><div class=\"row unequal single-top-padding single-bottom-padding single-h-padding limit-width row-parent\"><div class=\"wpb_row row-inner\"><div class=\"wpb_column pos-top pos-center align_left column_parent col-lg-12 single-internal-gutter\"><div class=\"uncol style-light\"  ><div class=\"uncoltable\"><div class=\"uncell no-block-padding\" ><div class=\"uncont\" ><div class=\"uncode_text_column\" ><p>El polvo, la suciedad, el polen y otros desechos pueden acumularse en la superficie de los paneles, bloqueando la luz solar y reduciendo su capacidad para generar electricidad.<\/p>\n<p>Por eso te recomendamos que limpies tus paneles al menos una o dos veces al a\u00f1o. Al limpiar los paneles anualmente, puede ayudar a maximizar la producci\u00f3n de energ\u00eda y, en \u00faltima instancia, ahorrar dinero en su factura de electricidad.<\/p>\n<p>No tiene que preocuparse por tener que subir al techo y limpiar los paneles usted mismo, \u00a1podemos hacerlo por usted!<\/p>\n<p>Durante la visita tambi\u00e9n podremos comprobar la parte el\u00e9ctrica del sistema (opcional).<\/p>\n<h4><strong>Limpieza:<\/strong><\/h4>\n<ul>\n<li aria-level=\"1\">Limpieza 1 &#8211; 6 Paneles \u20ac100,00 incl. IVA<\/li>\n<li aria-level=\"1\">Limpieza 7 &#8211; 12 Paneles \u20ac150,00 incl. IVA<\/li>\n<li aria-level=\"1\">Limpieza 13 &#8211; 20 Paneles \u20ac200,00 incl. IVA<\/li>\n<li aria-level=\"1\">Limpieza 21 &#8211; 36 Paneles \u20ac250,00 incl. IVA<\/li>\n<\/ul>\n<p>\n<\/div><div class=\"vc_row row-internal row-container\"><div class=\"row row-child\"><div class=\"wpb_row row-inner\"><div class=\"wpb_column pos-top pos-center align_left column_child col-lg-6 single-internal-gutter\"><div class=\"uncol style-light\" ><div class=\"uncoltable\"><div class=\"uncell no-block-padding\" ><div class=\"uncont\" ><div class=\"uncode-single-media  text-left\"><div class=\"single-wrapper\" style=\"max-width: 100%;\"><div class=\"tmb tmb-light  tmb-media-first tmb-media-last tmb-content-overlay tmb-no-bg\"><div class=\"t-inside\"><div class=\"t-entry-visual\"><div class=\"t-entry-visual-tc\"><div class=\"uncode-single-media-wrapper\"><img decoding=\"async\" class=\"wp-image-17237\" src=\"https:\/\/www.solarnrg.es\/wp-content\/uploads\/2025\/07\/21.png\" width=\"748\" height=\"498\" alt=\"cleaning-before\" srcset=\"https:\/\/www.solarnrg.es\/wp-content\/uploads\/2025\/07\/21.png 748w, https:\/\/www.solarnrg.es\/wp-content\/uploads\/2025\/07\/21-300x200.png 300w, https:\/\/www.solarnrg.es\/wp-content\/uploads\/2025\/07\/21-18x12.png 18w, https:\/\/www.solarnrg.es\/wp-content\/uploads\/2025\/07\/21-350x233.png 350w\" sizes=\"(max-width: 748px) 100vw, 748px\" \/><\/div>\n\t\t\t\t\t<\/div>\n\t\t\t\t<\/div><\/div><\/div><\/div><\/div><\/div><\/div><\/div><\/div><\/div><div class=\"wpb_column pos-top pos-center align_left column_child col-lg-6 single-internal-gutter\"><div class=\"uncol style-light\" ><div class=\"uncoltable\"><div class=\"uncell no-block-padding\" ><div class=\"uncont\" ><div class=\"uncode-single-media  text-left\"><div class=\"single-wrapper\" style=\"max-width: 100%;\"><div class=\"tmb tmb-light  tmb-media-first tmb-media-last tmb-content-overlay tmb-no-bg\"><div class=\"t-inside\"><div class=\"t-entry-visual\"><div class=\"t-entry-visual-tc\"><div class=\"uncode-single-media-wrapper\"><img decoding=\"async\" class=\"wp-image-17238\" src=\"https:\/\/www.solarnrg.es\/wp-content\/uploads\/2025\/07\/22.png\" width=\"748\" height=\"498\" alt=\"cleaning-after\" srcset=\"https:\/\/www.solarnrg.es\/wp-content\/uploads\/2025\/07\/22.png 748w, https:\/\/www.solarnrg.es\/wp-content\/uploads\/2025\/07\/22-300x200.png 300w, https:\/\/www.solarnrg.es\/wp-content\/uploads\/2025\/07\/22-18x12.png 18w, https:\/\/www.solarnrg.es\/wp-content\/uploads\/2025\/07\/22-350x233.png 350w\" sizes=\"(max-width: 748px) 100vw, 748px\" \/><\/div>\n\t\t\t\t\t<\/div>\n\t\t\t\t<\/div><\/div><\/div><\/div><\/div><\/div><\/div><\/div><\/div><\/div><\/div><\/div><\/div><div class=\"uncode_text_column\" ><\/p>\n<h4><b>Servicios adicionales:<br \/>\n<\/b>Inspecci\u00f3n t\u00e9cnica: \u20ac75,00 incl. IVA<\/h4>\n<ul>\n<li aria-level=\"1\">Comprobar si hay da\u00f1os en paneles, cables, inversor, bater\u00edas, etc.<\/li>\n<li aria-level=\"1\">Compruebe si todas las piezas el\u00e9ctricas siguen funcionando correctamente.<\/li>\n<li aria-level=\"1\">Inversor de polvo y bater\u00edas.<\/li>\n<li aria-level=\"1\">Comprobaci\u00f3n de todos los fusibles e interruptores de SolarNRG para proteger el sistema solar.<\/li>\n<li aria-level=\"1\">Control de aplicaciones<\/li>\n<\/ul>\n<p><strong><b>Agenda su cita de mantenimiento anual aqu\u00ed. <\/b><\/strong><\/p>\n<p><strong>\u00bfSu ubicaci\u00f3n no aparece en la lista? Elige el m\u00e1s cercano.<\/strong><\/p>\n<p>\n<\/div><\/div><\/div><\/div><\/div><\/div><script id=\"script-row-unique-1\" data-row=\"script-row-unique-1\" type=\"text\/javascript\" class=\"vc_controls\">UNCODE.initRow(document.getElementById(\"row-unique-1\"));<\/script><\/div><\/div><\/div><div data-parent=\"true\" class=\"vc_row row-container\" id=\"row-unique-2\"><div class=\"row no-top-padding single-bottom-padding single-h-padding limit-width row-parent\"><div class=\"wpb_row shift_y_neg_single row-inner\"><div class=\"wpb_column pos-top pos-center align_center column_parent col-lg-12 single-internal-gutter\"><div class=\"uncol style-light\"  ><div class=\"uncoltable\"><div class=\"uncell no-block-padding\" ><div class=\"uncont\" ><div class=\"uncode_text_column vc_custom_1712589630934\"  style=\"margin-top: -4em ;\">\n<script>\n  if (typeof hasAmeliaEntitiesApiCall === 'undefined' && ('' === '' && '' !== '1')) {\n    var hasAmeliaEntitiesApiCall = true;\n  }\n  var ameliaShortcodeData = (typeof ameliaShortcodeData === 'undefined') ? [] : ameliaShortcodeData;\n  ameliaShortcodeData.push(\n    {\n      'hasApiCall': (typeof hasAmeliaEntitiesApiCall !== 'undefined') && hasAmeliaEntitiesApiCall,\n      'trigger': '',\n      'trigger_type': '',\n      'triggered_form': 'sbsNew',\n      'in_dialog': '',\n      'show': '',\n      'counter': '1000',\n      'category': '',\n      'service': '',\n      'employee': '',\n      'location': '',\n      'package': '',\n      'layout': '',\n    }\n  );\n\n  var ameliaShortcodeDataTriggered = (typeof ameliaShortcodeDataTriggered === 'undefined') ? [] : ameliaShortcodeDataTriggered;\n  if (ameliaShortcodeData[ameliaShortcodeData.length - 1].trigger !== '') {\n    if (ameliaShortcodeDataTriggered.filter(a => a.counter === ameliaShortcodeData[ameliaShortcodeData.length - 1].counter).length === 0) {\n      ameliaShortcodeDataTriggered.push(ameliaShortcodeData.pop());\n    } else {\n      ameliaShortcodeData.pop()\n    }\n  }\n  if (typeof hasAmeliaEntitiesApiCall !== 'undefined' && hasAmeliaEntitiesApiCall) {\n    hasAmeliaEntitiesApiCall = false;\n  }\n<\/script>\n\n<div\n  id=\"amelia-v2-booking-1000\"\n  class=\"amelia-v2-booking\"\n >\n    <step-form-wrapper><\/step-form-wrapper><\/div>\n\n<\/div><\/div><\/div><\/div><\/div><\/div><script id=\"script-row-unique-2\" data-row=\"script-row-unique-2\" type=\"text\/javascript\" class=\"vc_controls\">UNCODE.initRow(document.getElementById(\"row-unique-2\"));<\/script><\/div><\/div><\/div>\n<\/div>","protected":false},"excerpt":{"rendered":"Brillante, limpio y rentable: \u00a1limpiamos tus paneles solares! El polvo, la suciedad, el polen y otros desechos pueden acumularse en [...]","protected":false},"author":1,"featured_media":15150,"parent":0,"menu_order":0,"comment_status":"closed","ping_status":"closed","template":"","meta":{"iawp_total_views":371,"footnotes":""},"class_list":["post-14344","page","type-page","status-publish","has-post-thumbnail","hentry"],"aioseo_notices":[],"_links":{"self":[{"href":"https:\/\/www.solarnrg.es\/es\/wp-json\/wp\/v2\/pages\/14344","targetHints":{"allow":["GET"]}}],"collection":[{"href":"https:\/\/www.solarnrg.es\/es\/wp-json\/wp\/v2\/pages"}],"about":[{"href":"https:\/\/www.solarnrg.es\/es\/wp-json\/wp\/v2\/types\/page"}],"author":[{"embeddable":true,"href":"https:\/\/www.solarnrg.es\/es\/wp-json\/wp\/v2\/users\/1"}],"replies":[{"embeddable":true,"href":"https:\/\/www.solarnrg.es\/es\/wp-json\/wp\/v2\/comments?post=14344"}],"version-history":[{"count":38,"href":"https:\/\/www.solarnrg.es\/es\/wp-json\/wp\/v2\/pages\/14344\/revisions"}],"predecessor-version":[{"id":14706,"href":"https:\/\/www.solarnrg.es\/es\/wp-json\/wp\/v2\/pages\/14344\/revisions\/14706"}],"wp:featuredmedia":[{"embeddable":true,"href":"https:\/\/www.solarnrg.es\/es\/wp-json\/wp\/v2\/media\/15150"}],"wp:attachment":[{"href":"https:\/\/www.solarnrg.es\/es\/wp-json\/wp\/v2\/media?parent=14344"}],"curies":[{"name":"wp","href":"https:\/\/api.w.org\/{rel}","templated":true}]}}