{"id":13761,"date":"2023-10-31T09:38:59","date_gmt":"2023-10-31T09:38:59","guid":{"rendered":"https:\/\/www.solarnrg.es\/?page_id=13761"},"modified":"2023-10-31T09:57:37","modified_gmt":"2023-10-31T09:57:37","slug":"terms","status":"publish","type":"page","link":"https:\/\/www.solarnrg.es\/es\/terms\/","title":{"rendered":"Terms and Conditions"},"content":{"rendered":"<div class=\"wpb-content-wrapper\"><div data-parent=\"true\" class=\"vc_row row-container\" id=\"row-unique-0\"><div class=\"row limit-width row-parent\"><div class=\"wpb_row row-inner\"><div class=\"wpb_column pos-top pos-center align_left column_parent col-lg-12 single-internal-gutter\"><div class=\"uncol style-light animate_when_almost_visible bottom-t-top\"  ><div class=\"uncoltable\"><div class=\"uncell no-block-padding\" ><div class=\"uncont\" ><div class=\"vc_custom_heading_wrap\"><div class=\"heading-text el-text\" ><h6 class=\"h5 text-accent-color\" ><span><mark>SolarNRG<\/mark><\/span><\/h6><\/div><div class=\"clear\"><\/div><\/div><div class=\"vc_custom_heading_wrap\"><div class=\"heading-text el-text\" ><h1 class=\"h1\" ><span>T\u00e9rminos y Condiciones Generales<\/span><\/h1><\/div><div class=\"clear\"><\/div><\/div><div class=\"uncode_text_column text-justify-linked text-lead\" ><p><strong>ALCANCE Y PARTES<\/strong><br \/>\nLos presentes t\u00e9rminos y condiciones (&#8220;T\u00e9rminos y condiciones generales&#8221;) se aplican a los acuerdos entre SolarNRG 2019 SL con CIF B42664235 y con domicilio social en Altea, Carretera Nacional 332 Partida CapBlanch 70-8-03590, Alicante, inscrita en el registro mercantil de Alicante en adelante denominado (&#8220;<strong>SolarNRG<\/strong>&#8220;) y el cliente privado (&#8220;<strong>Cliente<\/strong>&#8220;) con respecto a la compra e instalaci\u00f3n de una instalaci\u00f3n de energ\u00eda solar completa (&#8220;<strong>Sistema Solar<\/strong>&#8220;).<\/p>\n<p><strong>PRIVACIDAD<\/strong><br \/>\nSolarNRG trata sus datos personales de acuerdo con los requisitos legales y regulatorios vigentes y con las medidas adoptadas por las autoridades p\u00fablicas. Por favor, consulte nuestra pol\u00edtica de privacidad para obtener una descripci\u00f3n m\u00e1s detallada sobre c\u00f3mo trata SolarNRG sus datos personales.<\/p>\n<\/div><span class=\"btn-container\" ><a role=\"button\"  href=\"https:\/\/www.solarnrg.es\/wp-content\/uploads\/2023\/10\/terms-es.pdf\" class=\"custom-link btn border-width-0 btn-accent btn-icon-left\" target=\"_blank\">Leer y Descargar<\/a><\/span><\/div><\/div><\/div><\/div><\/div><script id=\"script-row-unique-0\" data-row=\"script-row-unique-0\" type=\"text\/javascript\" class=\"vc_controls\">UNCODE.initRow(document.getElementById(\"row-unique-0\"));<\/script><\/div><\/div><\/div>\n<\/div>","protected":false},"excerpt":{"rendered":"SolarNRGT\u00e9rminos y Condiciones GeneralesALCANCE Y PARTES Los presentes t\u00e9rminos y condiciones (&#8220;T\u00e9rminos y condiciones generales&#8221;) se aplican a los acuerdos [...]","protected":false},"author":2,"featured_media":0,"parent":0,"menu_order":0,"comment_status":"closed","ping_status":"closed","template":"","meta":{"iawp_total_views":257,"footnotes":""},"class_list":["post-13761","page","type-page","status-publish","hentry"],"aioseo_notices":[],"_links":{"self":[{"href":"https:\/\/www.solarnrg.es\/es\/wp-json\/wp\/v2\/pages\/13761","targetHints":{"allow":["GET"]}}],"collection":[{"href":"https:\/\/www.solarnrg.es\/es\/wp-json\/wp\/v2\/pages"}],"about":[{"href":"https:\/\/www.solarnrg.es\/es\/wp-json\/wp\/v2\/types\/page"}],"author":[{"embeddable":true,"href":"https:\/\/www.solarnrg.es\/es\/wp-json\/wp\/v2\/users\/2"}],"replies":[{"embeddable":true,"href":"https:\/\/www.solarnrg.es\/es\/wp-json\/wp\/v2\/comments?post=13761"}],"version-history":[{"count":11,"href":"https:\/\/www.solarnrg.es\/es\/wp-json\/wp\/v2\/pages\/13761\/revisions"}],"predecessor-version":[{"id":13775,"href":"https:\/\/www.solarnrg.es\/es\/wp-json\/wp\/v2\/pages\/13761\/revisions\/13775"}],"wp:attachment":[{"href":"https:\/\/www.solarnrg.es\/es\/wp-json\/wp\/v2\/media?parent=13761"}],"curies":[{"name":"wp","href":"https:\/\/api.w.org\/{rel}","templated":true}]}}