{"id":3,"date":"2023-06-09T10:35:20","date_gmt":"2023-06-09T09:35:20","guid":{"rendered":"https:\/\/www.solarnrg.es\/?page_id=3"},"modified":"2023-11-15T08:38:16","modified_gmt":"2023-11-15T08:38:16","slug":"privacy","status":"publish","type":"page","link":"http:\/\/www.solarnrg.es\/es\/privacy\/","title":{"rendered":"Pol\u00edtica de Privacidad"},"content":{"rendered":"<div class=\"wpb-content-wrapper\"><div data-parent=\"true\" class=\"vc_row row-container\" id=\"row-unique-0\"><div class=\"row limit-width row-parent\"><div class=\"wpb_row row-inner\"><div class=\"wpb_column pos-top pos-center align_left column_parent col-lg-12 single-internal-gutter\"><div class=\"uncol style-light animate_when_almost_visible bottom-t-top\"  ><div class=\"uncoltable\"><div class=\"uncell no-block-padding\" ><div class=\"uncont\" ><div class=\"vc_custom_heading_wrap\"><div class=\"heading-text el-text\" ><h6 class=\"h5 text-accent-color\" ><span><mark>SolarNRG<\/mark><\/span><\/h6><\/div><div class=\"clear\"><\/div><\/div><div class=\"vc_custom_heading_wrap\"><div class=\"heading-text el-text\" ><h1 class=\"h1\" ><span>Pol\u00edtica de privacidad SolarNRG<\/span><\/h1><\/div><div class=\"clear\"><\/div><\/div><div class=\"uncode_text_column text-justify-linked text-lead\" ><p>Somos conscientes de que depositas tu confianza en nosotros. Por lo tanto, consideramos que es nuestra responsabilidad proteger su privacidad. En esta p\u00e1gina le informamos qu\u00e9 datos recopilamos cuando utiliza nuestro sitio web, por qu\u00e9 recopilamos estos datos y c\u00f3mo mejoramos su experiencia de usuario. De esta manera entender\u00e1s exactamente c\u00f3mo trabajamos. Esta pol\u00edtica de privacidad se aplica a los servicios de SolarNRG. Debe tener en cuenta que SolarNRG no es responsable de las pol\u00edticas de privacidad de otros sitios y fuentes. Al utilizar este sitio web usted indica que acepta la pol\u00edtica de privacidad. SolarNRG respeta la privacidad de todos los usuarios de su sitio y garantiza que la informaci\u00f3n personal que usted proporcione se trate de forma confidencial.<\/p>\n<\/div><span class=\"btn-container\" ><a role=\"button\"  href=\"https:\/\/www.solarnrg.es\/wp-content\/uploads\/2023\/11\/Privacy-es.pdf\" class=\"custom-link btn border-width-0 btn-accent btn-icon-left\" title=\"Privacidad\" target=\"_blank\">Leer y Descargar<\/a><\/span><\/div><\/div><\/div><\/div><\/div><script id=\"script-row-unique-0\" data-row=\"script-row-unique-0\" type=\"text\/javascript\" class=\"vc_controls\">UNCODE.initRow(document.getElementById(\"row-unique-0\"));<\/script><\/div><\/div><\/div>\n<\/div>","protected":false},"excerpt":{"rendered":"SolarNRGPol\u00edtica de privacidad SolarNRGSomos conscientes de que depositas tu confianza en nosotros. Por lo tanto, consideramos que es nuestra responsabilidad [...]","protected":false},"author":1,"featured_media":0,"parent":0,"menu_order":0,"comment_status":"closed","ping_status":"open","template":"","meta":{"iawp_total_views":235,"footnotes":""},"class_list":["post-3","page","type-page","status-publish","hentry"],"aioseo_notices":[],"_links":{"self":[{"href":"http:\/\/www.solarnrg.es\/es\/wp-json\/wp\/v2\/pages\/3","targetHints":{"allow":["GET"]}}],"collection":[{"href":"http:\/\/www.solarnrg.es\/es\/wp-json\/wp\/v2\/pages"}],"about":[{"href":"http:\/\/www.solarnrg.es\/es\/wp-json\/wp\/v2\/types\/page"}],"author":[{"embeddable":true,"href":"http:\/\/www.solarnrg.es\/es\/wp-json\/wp\/v2\/users\/1"}],"replies":[{"embeddable":true,"href":"http:\/\/www.solarnrg.es\/es\/wp-json\/wp\/v2\/comments?post=3"}],"version-history":[{"count":5,"href":"http:\/\/www.solarnrg.es\/es\/wp-json\/wp\/v2\/pages\/3\/revisions"}],"predecessor-version":[{"id":14203,"href":"http:\/\/www.solarnrg.es\/es\/wp-json\/wp\/v2\/pages\/3\/revisions\/14203"}],"wp:attachment":[{"href":"http:\/\/www.solarnrg.es\/es\/wp-json\/wp\/v2\/media?parent=3"}],"curies":[{"name":"wp","href":"https:\/\/api.w.org\/{rel}","templated":true}]}}